{"id":14770,"date":"2023-01-15T13:38:59","date_gmt":"2023-01-15T13:38:59","guid":{"rendered":"https:\/\/fonksiyonhealthtourism.com\/?page_id=14770"},"modified":"2023-04-05T13:23:10","modified_gmt":"2023-04-05T13:23:10","slug":"alters-und-behindertentourismus","status":"publish","type":"page","link":"https:\/\/fonksiyonhealthtourism.com\/de\/alters-und-behindertentourismus\/","title":{"rendered":"Alters &#8211; Und Behindertentourismus"},"content":{"rendered":"\t\t<div data-elementor-type=\"wp-page\" data-elementor-id=\"14770\" class=\"elementor elementor-14770 elementor-12649\" data-elementor-post-type=\"page\">\n\t\t\t\t\t\t<section class=\"elementor-section elementor-top-section elementor-element elementor-element-8ed3901 elementor-section-stretched elementor-section-content-middle elementor-section-boxed elementor-section-height-default elementor-section-height-default\" data-id=\"8ed3901\" data-element_type=\"section\" data-settings=\"{&quot;stretch_section&quot;:&quot;section-stretched&quot;,&quot;background_background&quot;:&quot;classic&quot;}\">\n\t\t\t\t\t\t\t<div class=\"elementor-background-overlay\"><\/div>\n\t\t\t\t\t\t\t<div class=\"elementor-container elementor-column-gap-default\">\n\t\t\t\t\t<div class=\"elementor-column elementor-col-100 elementor-top-column elementor-element elementor-element-70f70055\" data-id=\"70f70055\" data-element_type=\"column\">\n\t\t\t<div class=\"elementor-widget-wrap elementor-element-populated\">\n\t\t\t\t\t\t<div class=\"elementor-element elementor-element-43e4f09b elementor-widget elementor-widget-heading\" data-id=\"43e4f09b\" data-element_type=\"widget\" data-widget_type=\"heading.default\">\n\t\t\t\t<div class=\"elementor-widget-container\">\n\t\t\t\t\t<h1 class=\"elementor-heading-title elementor-size-default\">Alters- Und Behindertentourismus<\/h1>\t\t\t\t<\/div>\n\t\t\t\t<\/div>\n\t\t\t\t\t<\/div>\n\t\t<\/div>\n\t\t\t\t\t<\/div>\n\t\t<\/section>\n\t\t<div class=\"elementor-element elementor-element-ed736f2 e-flex e-con-boxed e-con e-parent\" data-id=\"ed736f2\" data-element_type=\"container\">\n\t\t\t\t\t<div class=\"e-con-inner\">\n\t\t<div class=\"elementor-element elementor-element-961d068 e-con-full e-flex e-con e-parent\" data-id=\"961d068\" data-element_type=\"container\">\n\t\t\t\t<div class=\"elementor-element elementor-element-137aee3 elementor-widget__width-initial elementor-widget elementor-widget-image\" data-id=\"137aee3\" data-element_type=\"widget\" data-widget_type=\"image.default\">\n\t\t\t\t<div class=\"elementor-widget-container\">\n\t\t\t\t\t\t\t\t\t\t\t\t\t\t\t<img fetchpriority=\"high\" decoding=\"async\" width=\"800\" height=\"800\" src=\"https:\/\/fonksiyonhealthtourism.com\/wp-content\/uploads\/2023\/01\/ileriYasveEngelliTur.png\" class=\"attachment-full size-full wp-image-12651\" alt=\"\" srcset=\"https:\/\/fonksiyonhealthtourism.com\/wp-content\/uploads\/2023\/01\/ileriYasveEngelliTur.png 800w, https:\/\/fonksiyonhealthtourism.com\/wp-content\/uploads\/2023\/01\/ileriYasveEngelliTur-300x300.png 300w, https:\/\/fonksiyonhealthtourism.com\/wp-content\/uploads\/2023\/01\/ileriYasveEngelliTur-150x150.png 150w, https:\/\/fonksiyonhealthtourism.com\/wp-content\/uploads\/2023\/01\/ileriYasveEngelliTur-768x768.png 768w, https:\/\/fonksiyonhealthtourism.com\/wp-content\/uploads\/2023\/01\/ileriYasveEngelliTur-720x720.png 720w, https:\/\/fonksiyonhealthtourism.com\/wp-content\/uploads\/2023\/01\/ileriYasveEngelliTur-600x600.png 600w, https:\/\/fonksiyonhealthtourism.com\/wp-content\/uploads\/2023\/01\/ileriYasveEngelliTur-100x100.png 100w\" sizes=\"(max-width: 800px) 100vw, 800px\" \/>\t\t\t\t\t\t\t\t\t\t\t\t\t\t\t<\/div>\n\t\t\t\t<\/div>\n\t\t\t\t<\/div>\n\t\t<div class=\"elementor-element elementor-element-4fbc3b0 e-con-full e-flex e-con e-parent\" data-id=\"4fbc3b0\" data-element_type=\"container\">\n\t\t\t\t<div class=\"elementor-element elementor-element-76387e3 elementor-widget elementor-widget-text-editor\" data-id=\"76387e3\" data-element_type=\"widget\" data-widget_type=\"text-editor.default\">\n\t\t\t\t<div class=\"elementor-widget-container\">\n\t\t\t\t\t\t\t\t\t<p>Die Zahl der \u00e4lteren Menschen auf der Welt steigt mit steigender Lebenserwartung von Tag zu Tag. Mit dieser Zunahme und dem sich \u00e4ndernden Alter \u00e4ndern sich auch die Bed\u00fcrfnisse und Erwartungen der \u00e4lteren Menschen. Der Kampf mit Krankheiten, die im Alter h\u00e4ufiger auftreten, f\u00fchrt dazu, dass diese Altersgruppe ins Ausland reist. <br \/>Unter dem Alterstourismus fallen Themen wie gesunde Altenpflege, Altenpflege bei chronischen Erkrankungen, Rehabilitations- und Behandlung mit dem Schwerpunkt Patientenversorgung und Palliative Altenpflege.<\/p>\t\t\t\t\t\t\t\t<\/div>\n\t\t\t\t<\/div>\n\t\t\t\t<\/div>\n\t\t\t\t\t<\/div>\n\t\t\t\t<\/div>\n\t\t\t\t<section class=\"elementor-section elementor-top-section elementor-element elementor-element-499ac2c elementor-section-stretched elementor-section-content-middle elementor-section-boxed elementor-section-height-default elementor-section-height-default\" data-id=\"499ac2c\" data-element_type=\"section\" data-settings=\"{&quot;stretch_section&quot;:&quot;section-stretched&quot;,&quot;background_background&quot;:&quot;classic&quot;}\">\n\t\t\t\t\t\t\t<div class=\"elementor-background-overlay\"><\/div>\n\t\t\t\t\t\t\t<div class=\"elementor-container elementor-column-gap-default\">\n\t\t\t\t\t<div class=\"elementor-column elementor-col-66 elementor-top-column elementor-element elementor-element-da7b2a0\" data-id=\"da7b2a0\" data-element_type=\"column\">\n\t\t\t<div class=\"elementor-widget-wrap elementor-element-populated\">\n\t\t\t\t\t\t<div class=\"elementor-element elementor-element-cf6218b elementor-widget elementor-widget-heading\" data-id=\"cf6218b\" data-element_type=\"widget\" data-widget_type=\"heading.default\">\n\t\t\t\t<div class=\"elementor-widget-container\">\n\t\t\t\t\t<h4 class=\"elementor-heading-title elementor-size-default\">M\u00f6chten Sie mit Unserem Expertenteam in Kontakt Treten?<\/h4>\t\t\t\t<\/div>\n\t\t\t\t<\/div>\n\t\t\t\t\t<\/div>\n\t\t<\/div>\n\t\t\t\t<div class=\"elementor-column elementor-col-33 elementor-top-column elementor-element elementor-element-b516534\" data-id=\"b516534\" data-element_type=\"column\" data-settings=\"{&quot;background_background&quot;:&quot;classic&quot;}\">\n\t\t\t<div class=\"elementor-widget-wrap elementor-element-populated\">\n\t\t\t\t\t\t<div class=\"elementor-element elementor-element-88f515e elementor-button-align-start elementor-widget elementor-widget-form\" data-id=\"88f515e\" data-element_type=\"widget\" data-settings=\"{&quot;step_next_label&quot;:&quot;Next&quot;,&quot;step_previous_label&quot;:&quot;Previous&quot;,&quot;button_width&quot;:&quot;100&quot;,&quot;step_type&quot;:&quot;number_text&quot;,&quot;step_icon_shape&quot;:&quot;circle&quot;}\" data-widget_type=\"form.default\">\n\t\t\t\t<div class=\"elementor-widget-container\">\n\t\t\t\t\t\t\t<form class=\"elementor-form\" method=\"post\" name=\"New Form\" aria-label=\"New Form\">\n\t\t\t<input type=\"hidden\" name=\"post_id\" value=\"14770\"\/>\n\t\t\t<input type=\"hidden\" name=\"form_id\" value=\"88f515e\"\/>\n\t\t\t<input type=\"hidden\" name=\"referer_title\" value=\"Alters &#8211; Und Behindertentourismus\" \/>\n\n\t\t\t\t\t\t\t<input type=\"hidden\" name=\"queried_id\" value=\"14770\"\/>\n\t\t\t\n\t\t\t<div class=\"elementor-form-fields-wrapper elementor-labels-above\">\n\t\t\t\t\t\t\t\t<div class=\"elementor-field-type-text elementor-field-group elementor-column elementor-field-group-name elementor-col-100 elementor-field-required\">\n\t\t\t\t\t\t\t\t\t\t\t\t\t<input size=\"1\" type=\"text\" name=\"form_fields[name]\" id=\"form-field-name\" class=\"elementor-field elementor-size-xs  elementor-field-textual\" placeholder=\"Vorname &amp; Nachname\" required=\"required\">\n\t\t\t\t\t\t\t\t\t\t\t<\/div>\n\t\t\t\t\t\t\t\t<div class=\"elementor-field-type-tel elementor-field-group elementor-column elementor-field-group-field_89a3caa elementor-col-50 elementor-field-required\">\n\t\t\t\t\t\t\t<input size=\"1\" type=\"tel\" name=\"form_fields[field_89a3caa]\" id=\"form-field-field_89a3caa\" class=\"elementor-field elementor-size-xs  elementor-field-textual\" placeholder=\"GSM\" required=\"required\" pattern=\"[0-9()#&amp;+*-=.]+\" title=\"Only numbers and phone characters (#, -, *, etc) are accepted.\">\n\n\t\t\t\t\t\t<\/div>\n\t\t\t\t\t\t\t\t<div class=\"elementor-field-type-email elementor-field-group elementor-column elementor-field-group-email elementor-col-50\">\n\t\t\t\t\t\t\t\t\t\t\t\t\t<input size=\"1\" type=\"email\" name=\"form_fields[email]\" id=\"form-field-email\" class=\"elementor-field elementor-size-xs  elementor-field-textual\" placeholder=\"E-Mail\">\n\t\t\t\t\t\t\t\t\t\t\t<\/div>\n\t\t\t\t\t\t\t\t<div class=\"elementor-field-type-textarea elementor-field-group elementor-column elementor-field-group-message elementor-col-100 elementor-field-required\">\n\t\t\t\t\t<textarea class=\"elementor-field-textual elementor-field  elementor-size-xs\" name=\"form_fields[message]\" id=\"form-field-message\" rows=\"2\" placeholder=\"Ihre Nachricht\" required=\"required\"><\/textarea>\t\t\t\t<\/div>\n\t\t\t\t\t\t\t\t<div class=\"elementor-field-type-acceptance elementor-field-group elementor-column elementor-field-group-field_9222a4c elementor-col-100 elementor-field-required\">\n\t\t\t\t\t\t\t<div class=\"elementor-field-subgroup\">\n\t\t\t<span class=\"elementor-field-option\">\n\t\t\t\t<input type=\"checkbox\" name=\"form_fields[field_9222a4c]\" id=\"form-field-field_9222a4c\" class=\"elementor-field elementor-size-xs  elementor-acceptance-field\" required=\"required\">\n\t\t\t\t<label for=\"form-field-field_9222a4c\"><a href=\" https:\/\/fonksiyonhealthtourism.com\/en\/privacy-and-personal-data-protection-policy\/\"> Ich habe die Datenschutzrichtlinie gelesen <\/a> und stimme ihr zu<\/label>\t\t\t<\/span>\n\t\t<\/div>\n\t\t\t\t\t\t<\/div>\n\t\t\t\t\t\t\t\t<div class=\"elementor-field-group elementor-column elementor-field-type-submit elementor-col-100 e-form__buttons\">\n\t\t\t\t\t<button class=\"elementor-button elementor-size-sm\" type=\"submit\">\n\t\t\t\t\t\t<span class=\"elementor-button-content-wrapper\">\n\t\t\t\t\t\t\t\t\t\t\t\t\t\t\t\t\t\t\t\t\t\t<span class=\"elementor-button-text\">SENDEN<\/span>\n\t\t\t\t\t\t\t\t\t\t\t\t\t<\/span>\n\t\t\t\t\t<\/button>\n\t\t\t\t<\/div>\n\t\t\t<\/div>\n\t\t<\/form>\n\t\t\t\t\t\t<\/div>\n\t\t\t\t<\/div>\n\t\t\t\t\t<\/div>\n\t\t<\/div>\n\t\t\t\t\t<\/div>\n\t\t<\/section>\n\t\t\t\t<\/div>\n\t\t","protected":false},"excerpt":{"rendered":"<p>Alters- Und Behindertentourismus Die Zahl der \u00e4lteren Menschen auf der Welt steigt mit steigender Lebenserwartung von Tag zu Tag. Mit dieser Zunahme und dem sich \u00e4ndernden Alter \u00e4ndern sich auch die Bed\u00fcrfnisse und Erwartungen der \u00e4lteren Menschen. Der Kampf mit Krankheiten, die im Alter h\u00e4ufiger auftreten, f\u00fchrt dazu, dass diese Altersgruppe ins Ausland reist. Unter [&hellip;]<\/p>\n","protected":false},"author":2,"featured_media":0,"parent":0,"menu_order":0,"comment_status":"closed","ping_status":"closed","template":"","meta":{"footnotes":""},"class_list":["post-14770","page","type-page","status-publish","hentry"],"_links":{"self":[{"href":"https:\/\/fonksiyonhealthtourism.com\/de\/wp-json\/wp\/v2\/pages\/14770","targetHints":{"allow":["GET"]}}],"collection":[{"href":"https:\/\/fonksiyonhealthtourism.com\/de\/wp-json\/wp\/v2\/pages"}],"about":[{"href":"https:\/\/fonksiyonhealthtourism.com\/de\/wp-json\/wp\/v2\/types\/page"}],"author":[{"embeddable":true,"href":"https:\/\/fonksiyonhealthtourism.com\/de\/wp-json\/wp\/v2\/users\/2"}],"replies":[{"embeddable":true,"href":"https:\/\/fonksiyonhealthtourism.com\/de\/wp-json\/wp\/v2\/comments?post=14770"}],"version-history":[{"count":0,"href":"https:\/\/fonksiyonhealthtourism.com\/de\/wp-json\/wp\/v2\/pages\/14770\/revisions"}],"wp:attachment":[{"href":"https:\/\/fonksiyonhealthtourism.com\/de\/wp-json\/wp\/v2\/media?parent=14770"}],"curies":[{"name":"wp","href":"https:\/\/api.w.org\/{rel}","templated":true}]}}