{"id":14762,"date":"2023-01-15T12:50:30","date_gmt":"2023-01-15T12:50:30","guid":{"rendered":"https:\/\/fonksiyonhealthtourism.com\/?page_id=14762"},"modified":"2023-04-05T13:22:15","modified_gmt":"2023-04-05T13:22:15","slug":"thermal-spa-wellness","status":"publish","type":"page","link":"https:\/\/fonksiyonhealthtourism.com\/de\/thermal-spa-wellness\/","title":{"rendered":"Thermal &#8211; Spa &amp; Wellness"},"content":{"rendered":"\t\t<div data-elementor-type=\"wp-page\" data-elementor-id=\"14762\" class=\"elementor elementor-14762 elementor-12629\" data-elementor-post-type=\"page\">\n\t\t\t\t\t\t<section class=\"elementor-section elementor-top-section elementor-element elementor-element-8ed3901 elementor-section-stretched elementor-section-content-middle elementor-section-boxed elementor-section-height-default elementor-section-height-default\" data-id=\"8ed3901\" data-element_type=\"section\" data-settings=\"{&quot;stretch_section&quot;:&quot;section-stretched&quot;,&quot;background_background&quot;:&quot;classic&quot;}\">\n\t\t\t\t\t\t\t<div class=\"elementor-background-overlay\"><\/div>\n\t\t\t\t\t\t\t<div class=\"elementor-container elementor-column-gap-default\">\n\t\t\t\t\t<div class=\"elementor-column elementor-col-100 elementor-top-column elementor-element elementor-element-70f70055\" data-id=\"70f70055\" data-element_type=\"column\">\n\t\t\t<div class=\"elementor-widget-wrap elementor-element-populated\">\n\t\t\t\t\t\t<div class=\"elementor-element elementor-element-43e4f09b elementor-widget elementor-widget-heading\" data-id=\"43e4f09b\" data-element_type=\"widget\" data-widget_type=\"heading.default\">\n\t\t\t\t<div class=\"elementor-widget-container\">\n\t\t\t\t\t<h1 class=\"elementor-heading-title elementor-size-default\">Thermal - Spa &amp; Wellness<\/h1>\t\t\t\t<\/div>\n\t\t\t\t<\/div>\n\t\t\t\t\t<\/div>\n\t\t<\/div>\n\t\t\t\t\t<\/div>\n\t\t<\/section>\n\t\t<div class=\"elementor-element elementor-element-ed736f2 e-flex e-con-boxed e-con e-parent\" data-id=\"ed736f2\" data-element_type=\"container\">\n\t\t\t\t\t<div class=\"e-con-inner\">\n\t\t<div class=\"elementor-element elementor-element-961d068 e-con-full e-flex e-con e-parent\" data-id=\"961d068\" data-element_type=\"container\">\n\t\t\t\t<div class=\"elementor-element elementor-element-137aee3 elementor-widget__width-initial elementor-widget elementor-widget-image\" data-id=\"137aee3\" data-element_type=\"widget\" data-widget_type=\"image.default\">\n\t\t\t\t<div class=\"elementor-widget-container\">\n\t\t\t\t\t\t\t\t\t\t\t\t\t\t\t<img fetchpriority=\"high\" decoding=\"async\" width=\"800\" height=\"800\" src=\"https:\/\/fonksiyonhealthtourism.com\/wp-content\/uploads\/2023\/01\/Spa.png\" class=\"attachment-full size-full wp-image-12637\" alt=\"\" srcset=\"https:\/\/fonksiyonhealthtourism.com\/wp-content\/uploads\/2023\/01\/Spa.png 800w, https:\/\/fonksiyonhealthtourism.com\/wp-content\/uploads\/2023\/01\/Spa-300x300.png 300w, https:\/\/fonksiyonhealthtourism.com\/wp-content\/uploads\/2023\/01\/Spa-150x150.png 150w, https:\/\/fonksiyonhealthtourism.com\/wp-content\/uploads\/2023\/01\/Spa-768x768.png 768w, https:\/\/fonksiyonhealthtourism.com\/wp-content\/uploads\/2023\/01\/Spa-720x720.png 720w, https:\/\/fonksiyonhealthtourism.com\/wp-content\/uploads\/2023\/01\/Spa-600x600.png 600w, https:\/\/fonksiyonhealthtourism.com\/wp-content\/uploads\/2023\/01\/Spa-100x100.png 100w\" sizes=\"(max-width: 800px) 100vw, 800px\" \/>\t\t\t\t\t\t\t\t\t\t\t\t\t\t\t<\/div>\n\t\t\t\t<\/div>\n\t\t\t\t<\/div>\n\t\t<div class=\"elementor-element elementor-element-5f32987 e-con-full e-flex e-con e-parent\" data-id=\"5f32987\" data-element_type=\"container\">\n\t\t\t\t<div class=\"elementor-element elementor-element-603e50a elementor-widget elementor-widget-text-editor\" data-id=\"603e50a\" data-element_type=\"widget\" data-widget_type=\"text-editor.default\">\n\t\t\t\t<div class=\"elementor-widget-container\">\n\t\t\t\t\t\t\t\t\t<p>Der Thermaltourismus wird f\u00fcr Zwecke wie Wellness und Entspannung sowie zur Behandlung vieler Krankheiten bevorzugt. Geothermisches Wasser, das eine nat\u00fcrliche Temperatur von \u00fcber 20 Grad hat und verschiedene Mineralien enth\u00e4lt, wird zur Behandlung diagnostizierter Krankheiten sowie zur physikalischen Therapie, Rehabilitation und Kurbehandlung unter Aufsicht von Experten verwendet, um chronische Probleme vollst\u00e4ndig oder teilweise zu heilen.<\/p>\t\t\t\t\t\t\t\t<\/div>\n\t\t\t\t<\/div>\n\t\t\t\t<div class=\"elementor-element elementor-element-be147e9 elementor-widget elementor-widget-text-editor\" data-id=\"be147e9\" data-element_type=\"widget\" data-widget_type=\"text-editor.default\">\n\t\t\t\t<div class=\"elementor-widget-container\">\n\t\t\t\t\t\t\t\t\t<p>Die T\u00fcrkei steht in Bezug auf geothermische Ressourcen an erster Stelle in Europa; Sie steht an dritter Stelle in Bezug auf angewandte Spa-Methoden. F\u00fcr thermische Therapien bieten Thermalhotels, Kurzentren, Einrichtungen, in denen sich beides zusammen befinden, wie Thermalquellen und -b\u00e4der, Mineralquellen, Gas- und Atemkuren, Thalasso-Therapiezentren, Moorb\u00e4der, Klimatherapiekuren und Krankenanstalten f\u00fcr Physiotherapie ihre Dienste an.<\/p>\t\t\t\t\t\t\t\t<\/div>\n\t\t\t\t<\/div>\n\t\t\t\t<\/div>\n\t\t<div class=\"elementor-element elementor-element-4fbc3b0 e-con-full e-flex e-con e-parent\" data-id=\"4fbc3b0\" data-element_type=\"container\">\n\t\t\t\t<div class=\"elementor-element elementor-element-d2f41e8 elementor-hidden-desktop elementor-hidden-tablet elementor-widget elementor-widget-image\" data-id=\"d2f41e8\" data-element_type=\"widget\" data-widget_type=\"image.default\">\n\t\t\t\t<div class=\"elementor-widget-container\">\n\t\t\t\t\t\t\t\t\t\t\t\t\t\t\t<img decoding=\"async\" width=\"300\" height=\"300\" src=\"https:\/\/fonksiyonhealthtourism.com\/wp-content\/uploads\/2023\/01\/Wellness-300x300.png\" class=\"attachment-medium size-medium wp-image-15915\" alt=\"\" srcset=\"https:\/\/fonksiyonhealthtourism.com\/wp-content\/uploads\/2023\/01\/Wellness-300x300.png 300w, https:\/\/fonksiyonhealthtourism.com\/wp-content\/uploads\/2023\/01\/Wellness-150x150.png 150w, https:\/\/fonksiyonhealthtourism.com\/wp-content\/uploads\/2023\/01\/Wellness-768x768.png 768w, https:\/\/fonksiyonhealthtourism.com\/wp-content\/uploads\/2023\/01\/Wellness-600x600.png 600w, https:\/\/fonksiyonhealthtourism.com\/wp-content\/uploads\/2023\/01\/Wellness-100x100.png 100w, https:\/\/fonksiyonhealthtourism.com\/wp-content\/uploads\/2023\/01\/Wellness.png 800w\" sizes=\"(max-width: 300px) 100vw, 300px\" \/>\t\t\t\t\t\t\t\t\t\t\t\t\t\t\t<\/div>\n\t\t\t\t<\/div>\n\t\t\t\t<div class=\"elementor-element elementor-element-8804087 elementor-widget elementor-widget-text-editor\" data-id=\"8804087\" data-element_type=\"widget\" data-widget_type=\"text-editor.default\">\n\t\t\t\t<div class=\"elementor-widget-container\">\n\t\t\t\t\t\t\t\t\t<p>Thermaltourismus ist im Gegensatz zu medizinischem Tourismus die Bevorzugung gesunder Lebenspraktiken wie Physiotherapie, Rehabilitation, Bewegung, Psychotherapie, unterst\u00fctzende Behandlungen wie Di\u00e4t, medizinische Massage und Wellness gegen\u00fcber medizinischen Eingriffen. Erg\u00e4nzende Aktivit\u00e4ten und Praktiken wie Wassergymnastik, Atemtherapie, Akupunktur, Sauna, Dickdarm-Hydro-Therapie, Ozonbehandlungen, Trekking und Golf sind ebenfalls in den Komplexen enthalten. Dar\u00fcber hinaus werden auch Thermalb\u00e4der, Wasser- und Schlammtherapien, Massage- und Aromatherapien, Gesundheitskuren f\u00fcr Sch\u00f6nheit und Pflege in diesen Geltungsbereich einbezogen. Wellness dr\u00fcckt den Zustand aus, gut und fit zu sein. Es soll mit Anwendungen wie Warmwasser, Massagen, Algen- und Schlammb\u00e4dern, verschiedenen Bewegungs- und Meditationstechniken f\u00fcr Regeneration und Entspannung sorgen und f\u00fcr das k\u00f6rperliche, geistige und seelische Wohlbefinden des Menschen sorgen. Begleitet von Beratern stellt das Team von Fonksiyon Tourismus und Reiseagentur fest, welche Art der Behandlung und Entspannung Sie ben\u00f6tigen und hilft Ihnen, den Service in der richtigen Einrichtung zu erhalten.Fonksiyon Turizm ekibi, ihtiyac\u0131n\u0131z olan tedavi ve rahatlama t\u00fcr\u00fcn\u00fc dan\u0131\u015fmanlar e\u015fli\u011finde tespit eder ve do\u011fru tesiste hizmet alman\u0131za yard\u0131mc\u0131 olur.<\/p>\t\t\t\t\t\t\t\t<\/div>\n\t\t\t\t<\/div>\n\t\t\t\t<\/div>\n\t\t<div class=\"elementor-element elementor-element-e82b915 e-con-full e-flex e-con e-parent\" data-id=\"e82b915\" data-element_type=\"container\">\n\t\t\t\t<div class=\"elementor-element elementor-element-ae34a26 elementor-widget elementor-widget-heading\" data-id=\"ae34a26\" data-element_type=\"widget\" data-widget_type=\"heading.default\">\n\t\t\t\t<div class=\"elementor-widget-container\">\n\t\t\t\t\t<h4 class=\"elementor-heading-title elementor-size-default\">Einige Krankheiten, f\u00fcr die die Thermaltherapien gut sind;<\/h4>\t\t\t\t<\/div>\n\t\t\t\t<\/div>\n\t\t\t\t<div class=\"elementor-element elementor-element-898730a elementor-icon-list--layout-traditional elementor-list-item-link-full_width elementor-widget elementor-widget-icon-list\" data-id=\"898730a\" data-element_type=\"widget\" data-widget_type=\"icon-list.default\">\n\t\t\t\t<div class=\"elementor-widget-container\">\n\t\t\t\t\t\t\t<ul class=\"elementor-icon-list-items\">\n\t\t\t\t\t\t\t<li class=\"elementor-icon-list-item\">\n\t\t\t\t\t\t\t\t\t\t\t<span class=\"elementor-icon-list-icon\">\n\t\t\t\t\t\t\t<i aria-hidden=\"true\" class=\"fas fa-check\"><\/i>\t\t\t\t\t\t<\/span>\n\t\t\t\t\t\t\t\t\t\t<span class=\"elementor-icon-list-text\">Verkalkungen <\/span>\n\t\t\t\t\t\t\t\t\t<\/li>\n\t\t\t\t\t\t\t\t<li class=\"elementor-icon-list-item\">\n\t\t\t\t\t\t\t\t\t\t\t<span class=\"elementor-icon-list-icon\">\n\t\t\t\t\t\t\t<i aria-hidden=\"true\" class=\"fas fa-check\"><\/i>\t\t\t\t\t\t<\/span>\n\t\t\t\t\t\t\t\t\t\t<span class=\"elementor-icon-list-text\">Rheumatische Erkrankungen<\/span>\n\t\t\t\t\t\t\t\t\t<\/li>\n\t\t\t\t\t\t\t\t<li class=\"elementor-icon-list-item\">\n\t\t\t\t\t\t\t\t\t\t\t<span class=\"elementor-icon-list-icon\">\n\t\t\t\t\t\t\t<i aria-hidden=\"true\" class=\"fas fa-check\"><\/i>\t\t\t\t\t\t<\/span>\n\t\t\t\t\t\t\t\t\t\t<span class=\"elementor-icon-list-text\">R\u00fccken- und Nackenprobleme<\/span>\n\t\t\t\t\t\t\t\t\t<\/li>\n\t\t\t\t\t\t\t\t<li class=\"elementor-icon-list-item\">\n\t\t\t\t\t\t\t\t\t\t\t<span class=\"elementor-icon-list-icon\">\n\t\t\t\t\t\t\t<i aria-hidden=\"true\" class=\"fas fa-check\"><\/i>\t\t\t\t\t\t<\/span>\n\t\t\t\t\t\t\t\t\t\t<span class=\"elementor-icon-list-text\">Schmerzbehandlungen<\/span>\n\t\t\t\t\t\t\t\t\t<\/li>\n\t\t\t\t\t\t\t\t<li class=\"elementor-icon-list-item\">\n\t\t\t\t\t\t\t\t\t\t\t<span class=\"elementor-icon-list-icon\">\n\t\t\t\t\t\t\t<i aria-hidden=\"true\" class=\"fas fa-check\"><\/i>\t\t\t\t\t\t<\/span>\n\t\t\t\t\t\t\t\t\t\t<span class=\"elementor-icon-list-text\">Orthop\u00e4dische Probleme<\/span>\n\t\t\t\t\t\t\t\t\t<\/li>\n\t\t\t\t\t\t\t\t<li class=\"elementor-icon-list-item\">\n\t\t\t\t\t\t\t\t\t\t\t<span class=\"elementor-icon-list-icon\">\n\t\t\t\t\t\t\t<i aria-hidden=\"true\" class=\"fas fa-check\"><\/i>\t\t\t\t\t\t<\/span>\n\t\t\t\t\t\t\t\t\t\t<span class=\"elementor-icon-list-text\">Sportverletzungen<\/span>\n\t\t\t\t\t\t\t\t\t<\/li>\n\t\t\t\t\t\t\t\t<li class=\"elementor-icon-list-item\">\n\t\t\t\t\t\t\t\t\t\t\t<span class=\"elementor-icon-list-icon\">\n\t\t\t\t\t\t\t<i aria-hidden=\"true\" class=\"fas fa-check\"><\/i>\t\t\t\t\t\t<\/span>\n\t\t\t\t\t\t\t\t\t\t<span class=\"elementor-icon-list-text\">Muskelerkrankungen<\/span>\n\t\t\t\t\t\t\t\t\t<\/li>\n\t\t\t\t\t\t\t\t<li class=\"elementor-icon-list-item\">\n\t\t\t\t\t\t\t\t\t\t\t<span class=\"elementor-icon-list-icon\">\n\t\t\t\t\t\t\t<i aria-hidden=\"true\" class=\"fas fa-check\"><\/i>\t\t\t\t\t\t<\/span>\n\t\t\t\t\t\t\t\t\t\t<span class=\"elementor-icon-list-text\">Neurologische Probleme<\/span>\n\t\t\t\t\t\t\t\t\t<\/li>\n\t\t\t\t\t\t\t\t<li class=\"elementor-icon-list-item\">\n\t\t\t\t\t\t\t\t\t\t\t<span class=\"elementor-icon-list-icon\">\n\t\t\t\t\t\t\t<i aria-hidden=\"true\" class=\"fas fa-check\"><\/i>\t\t\t\t\t\t<\/span>\n\t\t\t\t\t\t\t\t\t\t<span class=\"elementor-icon-list-text\">Hautkrankheiten <\/span>\n\t\t\t\t\t\t\t\t\t<\/li>\n\t\t\t\t\t\t<\/ul>\n\t\t\t\t\t\t<\/div>\n\t\t\t\t<\/div>\n\t\t\t\t<\/div>\n\t\t\t\t\t<\/div>\n\t\t\t\t<\/div>\n\t\t\t\t<section class=\"elementor-section elementor-top-section elementor-element elementor-element-6c5e7c1 elementor-section-stretched elementor-section-content-middle elementor-section-boxed elementor-section-height-default elementor-section-height-default\" data-id=\"6c5e7c1\" data-element_type=\"section\" data-settings=\"{&quot;stretch_section&quot;:&quot;section-stretched&quot;,&quot;background_background&quot;:&quot;classic&quot;}\">\n\t\t\t\t\t\t\t<div class=\"elementor-background-overlay\"><\/div>\n\t\t\t\t\t\t\t<div class=\"elementor-container elementor-column-gap-default\">\n\t\t\t\t\t<div class=\"elementor-column elementor-col-66 elementor-top-column elementor-element elementor-element-0d3bc6a\" data-id=\"0d3bc6a\" data-element_type=\"column\">\n\t\t\t<div class=\"elementor-widget-wrap elementor-element-populated\">\n\t\t\t\t\t\t<div class=\"elementor-element elementor-element-82afc7c elementor-widget elementor-widget-heading\" data-id=\"82afc7c\" data-element_type=\"widget\" data-widget_type=\"heading.default\">\n\t\t\t\t<div class=\"elementor-widget-container\">\n\t\t\t\t\t<h4 class=\"elementor-heading-title elementor-size-default\">M\u00f6chten Sie mit Unserem Expertenteam in Kontakt Treten?<\/h4>\t\t\t\t<\/div>\n\t\t\t\t<\/div>\n\t\t\t\t\t<\/div>\n\t\t<\/div>\n\t\t\t\t<div class=\"elementor-column elementor-col-33 elementor-top-column elementor-element elementor-element-8e3f620\" data-id=\"8e3f620\" data-element_type=\"column\" data-settings=\"{&quot;background_background&quot;:&quot;classic&quot;}\">\n\t\t\t<div class=\"elementor-widget-wrap elementor-element-populated\">\n\t\t\t\t\t\t<div class=\"elementor-element elementor-element-bcaccd6 elementor-button-align-start elementor-widget elementor-widget-form\" data-id=\"bcaccd6\" data-element_type=\"widget\" data-settings=\"{&quot;step_next_label&quot;:&quot;Next&quot;,&quot;step_previous_label&quot;:&quot;Previous&quot;,&quot;button_width&quot;:&quot;100&quot;,&quot;step_type&quot;:&quot;number_text&quot;,&quot;step_icon_shape&quot;:&quot;circle&quot;}\" data-widget_type=\"form.default\">\n\t\t\t\t<div class=\"elementor-widget-container\">\n\t\t\t\t\t\t\t<form class=\"elementor-form\" method=\"post\" name=\"New Form\" aria-label=\"New Form\">\n\t\t\t<input type=\"hidden\" name=\"post_id\" value=\"14762\"\/>\n\t\t\t<input type=\"hidden\" name=\"form_id\" value=\"bcaccd6\"\/>\n\t\t\t<input type=\"hidden\" name=\"referer_title\" value=\"Thermal &#8211; Spa &amp; Wellness\" \/>\n\n\t\t\t\t\t\t\t<input type=\"hidden\" name=\"queried_id\" value=\"14762\"\/>\n\t\t\t\n\t\t\t<div class=\"elementor-form-fields-wrapper elementor-labels-above\">\n\t\t\t\t\t\t\t\t<div class=\"elementor-field-type-text elementor-field-group elementor-column elementor-field-group-name elementor-col-100 elementor-field-required\">\n\t\t\t\t\t\t\t\t\t\t\t\t\t<input size=\"1\" type=\"text\" name=\"form_fields[name]\" id=\"form-field-name\" class=\"elementor-field elementor-size-xs  elementor-field-textual\" placeholder=\"Vorname &amp; Nachname\" required=\"required\">\n\t\t\t\t\t\t\t\t\t\t\t<\/div>\n\t\t\t\t\t\t\t\t<div class=\"elementor-field-type-tel elementor-field-group elementor-column elementor-field-group-field_89a3caa elementor-col-50 elementor-field-required\">\n\t\t\t\t\t\t\t<input size=\"1\" type=\"tel\" name=\"form_fields[field_89a3caa]\" id=\"form-field-field_89a3caa\" class=\"elementor-field elementor-size-xs  elementor-field-textual\" placeholder=\"GSM\" required=\"required\" pattern=\"[0-9()#&amp;+*-=.]+\" title=\"Only numbers and phone characters (#, -, *, etc) are accepted.\">\n\n\t\t\t\t\t\t<\/div>\n\t\t\t\t\t\t\t\t<div class=\"elementor-field-type-email elementor-field-group elementor-column elementor-field-group-email elementor-col-50\">\n\t\t\t\t\t\t\t\t\t\t\t\t\t<input size=\"1\" type=\"email\" name=\"form_fields[email]\" id=\"form-field-email\" class=\"elementor-field elementor-size-xs  elementor-field-textual\" placeholder=\"E-Mail\">\n\t\t\t\t\t\t\t\t\t\t\t<\/div>\n\t\t\t\t\t\t\t\t<div class=\"elementor-field-type-textarea elementor-field-group elementor-column elementor-field-group-message elementor-col-100 elementor-field-required\">\n\t\t\t\t\t<textarea class=\"elementor-field-textual elementor-field  elementor-size-xs\" name=\"form_fields[message]\" id=\"form-field-message\" rows=\"2\" placeholder=\"Ihre Nachricht\" required=\"required\"><\/textarea>\t\t\t\t<\/div>\n\t\t\t\t\t\t\t\t<div class=\"elementor-field-type-acceptance elementor-field-group elementor-column elementor-field-group-field_9222a4c elementor-col-100 elementor-field-required\">\n\t\t\t\t\t\t\t<div class=\"elementor-field-subgroup\">\n\t\t\t<span class=\"elementor-field-option\">\n\t\t\t\t<input type=\"checkbox\" name=\"form_fields[field_9222a4c]\" id=\"form-field-field_9222a4c\" class=\"elementor-field elementor-size-xs  elementor-acceptance-field\" required=\"required\">\n\t\t\t\t<label for=\"form-field-field_9222a4c\"><a href=\" https:\/\/fonksiyonhealthtourism.com\/en\/privacy-and-personal-data-protection-policy\/\"> Ich habe die Datenschutzrichtlinie gelesen <\/a> und stimme ihr zu<\/label>\t\t\t<\/span>\n\t\t<\/div>\n\t\t\t\t\t\t<\/div>\n\t\t\t\t\t\t\t\t<div class=\"elementor-field-group elementor-column elementor-field-type-submit elementor-col-100 e-form__buttons\">\n\t\t\t\t\t<button class=\"elementor-button elementor-size-sm\" type=\"submit\">\n\t\t\t\t\t\t<span class=\"elementor-button-content-wrapper\">\n\t\t\t\t\t\t\t\t\t\t\t\t\t\t\t\t\t\t\t\t\t\t<span class=\"elementor-button-text\">SENDEN<\/span>\n\t\t\t\t\t\t\t\t\t\t\t\t\t<\/span>\n\t\t\t\t\t<\/button>\n\t\t\t\t<\/div>\n\t\t\t<\/div>\n\t\t<\/form>\n\t\t\t\t\t\t<\/div>\n\t\t\t\t<\/div>\n\t\t\t\t\t<\/div>\n\t\t<\/div>\n\t\t\t\t\t<\/div>\n\t\t<\/section>\n\t\t\t\t<\/div>\n\t\t","protected":false},"excerpt":{"rendered":"<p>Thermal &#8211; Spa &#038; Wellness Der Thermaltourismus wird f\u00fcr Zwecke wie Wellness und Entspannung sowie zur Behandlung vieler Krankheiten bevorzugt. Geothermisches Wasser, das eine nat\u00fcrliche Temperatur von \u00fcber 20 Grad hat und verschiedene Mineralien enth\u00e4lt, wird zur Behandlung diagnostizierter Krankheiten sowie zur physikalischen Therapie, Rehabilitation und Kurbehandlung unter Aufsicht von Experten verwendet, um chronische Probleme [&hellip;]<\/p>\n","protected":false},"author":2,"featured_media":0,"parent":0,"menu_order":0,"comment_status":"closed","ping_status":"closed","template":"","meta":{"footnotes":""},"class_list":["post-14762","page","type-page","status-publish","hentry"],"_links":{"self":[{"href":"https:\/\/fonksiyonhealthtourism.com\/de\/wp-json\/wp\/v2\/pages\/14762","targetHints":{"allow":["GET"]}}],"collection":[{"href":"https:\/\/fonksiyonhealthtourism.com\/de\/wp-json\/wp\/v2\/pages"}],"about":[{"href":"https:\/\/fonksiyonhealthtourism.com\/de\/wp-json\/wp\/v2\/types\/page"}],"author":[{"embeddable":true,"href":"https:\/\/fonksiyonhealthtourism.com\/de\/wp-json\/wp\/v2\/users\/2"}],"replies":[{"embeddable":true,"href":"https:\/\/fonksiyonhealthtourism.com\/de\/wp-json\/wp\/v2\/comments?post=14762"}],"version-history":[{"count":0,"href":"https:\/\/fonksiyonhealthtourism.com\/de\/wp-json\/wp\/v2\/pages\/14762\/revisions"}],"wp:attachment":[{"href":"https:\/\/fonksiyonhealthtourism.com\/de\/wp-json\/wp\/v2\/media?parent=14762"}],"curies":[{"name":"wp","href":"https:\/\/api.w.org\/{rel}","templated":true}]}}